{"id":608,"date":"2019-03-22T10:35:22","date_gmt":"2019-03-22T09:35:22","guid":{"rendered":"https:\/\/www.aloma.de\/?page_id=608"},"modified":"2021-01-13T14:46:16","modified_gmt":"2021-01-13T13:46:16","slug":"uber-aloma-de","status":"publish","type":"page","link":"https:\/\/www.aloma.de\/en\/uber-aloma-de\/","title":{"rendered":"\u00dcber Aloma Online Marketing"},"content":{"rendered":"\n<p>Aloma Online Marketing ist eine im Osten von <span class='hint'><a href=\"https:\/\/www.aloma.de\/en\/marketing-directory\/hamburg-hh-en\/\">Hamburg<\/a><\/span> ans\u00e4ssige Online Marketing Firma. Wir betreiben haupts\u00e4chlich eigene Websites und Portale. Der Name Aloma Online Marketing ist ein <a href=\"https:\/\/de.wikipedia.org\/wiki\/Rekursives_Akronym\">rekursives Akronym<\/a> und dr\u00fcckt aus, was wir am Online Marketing so lieben: es ist eigentlich ganz einfach, im Detail aber unendlich tief und faszinierend.<\/p>\n\n\n\n<p>Unsere Faszination f\u00fcr digitale Themen leben wir in unseren zahlreichen Projekten aus, die wir bis ins Detail im kleinen Team eigenh\u00e4ndig entwickeln. Das Ergebnis sind Websites, die Firmen aller Branchen und <span class='hint'><a href=\"https:\/\/www.aloma.de\/en\/marketing-directory\/agencies\/\">Agenturen<\/a><\/span> aller Disziplinen und Gr\u00f6\u00dfen reellen Nutz- und Mehrwert bieten.<\/p>\n\n\n\n<h2 class=\"wp-block-heading\">Aloma.de: das Online Marketing Magazin<\/h2>\n\n\n\n<p>Auf Aloma.de finden Sie z.B. News, Infos und Trends aus der Welt des Online Marketing und dar\u00fcber hinaus. Gegr\u00fcndet wurde Aloma.de im Jahr 2018 in dem sicheren Bewusstsein, dass die Welt ein neues Online Marketing Magazin braucht. <em>Nein, Spa\u00df bei Seite!<\/em> Es gibt gen\u00fcgend <a href=\"https:\/\/www.aloma.de\/aloma-online-marketing-ratgeber-agenturverzeichnis\/\" title=\"Online Marketing Ratgeber &#038; Agenturverzeichnis\"  data-wpil-monitor-id=\"59\">Online Marketing Magazine und Quellen<\/a> im Web, aber &#8211; und das ist leider eben so wahr &#8211; viele davon sind nicht sehr w\u00e4hlerisch. Also, was macht Aloma.de anders?<\/p>\n\n\n\n<p>Die Antwort liegt auf der Hand. Wir m\u00f6chten f\u00fcr unsere Leser die Aufgabe \u00fcbernehmen, die Spreu vom Weizen zu trennen. Welche hei\u00dfen SEO-News sind wirklich relevant? Welche Online-Marketing-Kan\u00e4le f\u00fchren auch morgen noch Besucher und potenzielle Kunden zu Ihnen? Auf Aloma.de finden sich Antworten und relevante Infos f\u00fcr all diejenigen, die sich nicht lang damit befassen k\u00f6nnen, sondern schnell zur bestm\u00f6glichen Entscheidung gelangen m\u00f6chten.<\/p>\n\n\n\n<h2 class=\"wp-block-heading\">Online-Marketing einfach erkl\u00e4rt<br><\/h2>\n\n\n\n<blockquote class=\"wp-block-quote is-layout-flow wp-block-quote-is-layout-flow\"><p>&#8220;Wenn man etwas nicht einfach erkl\u00e4ren kann, hat man es nicht verstanden&#8221;<\/p><\/blockquote>\n\n\n\n<p>Sie kennen sicherlich das obige Zitat. Im Online-Marketing schwirrt viel Halbwissen und viel Bauchgef\u00fchl umher. Und wieder glaubt ein SEO, einen Zusammenhang zwischen Reputation und Ranking entdeckt zu haben. Und der Social Rank soll sich nun doch wieder direkt auf die Site-Authority auswirken. Bahnhof? Fakt ist leider, dass im Online-Marketing oft die Fantasie oder der neueste Hype \u00fcber die Sachlage obsiegt. Dann spielen eifrige Praktikanten Bullshit-Bingo, wickeln das Ergebnis in W3C-konformes WYSIWYG-HTML und fertig ist der neueste &#8220;Fachartikel&#8221;, den niemand braucht. Da vergeht auch uns manchmal die Lust am Lesen.<\/p>\n\n\n\n<p>Die Autoren von Aloma.de sind schon lange in der Branche unterwegs und geben ihre Erfahrungen und ihren soliden Erfahrensschatz gern an Sie weiter. So entsteht an dieser Stelle schrittweise ein Archiv aus Ratgebern und Artikeln, mit denen ambitionierte Internet-Nutzer selbst in die Lage versetzt werden, ihr Online-Marketing in die Hand zu nehmen. Bringen Sie mit uns gemeinsam Ihre <span class='hint'><a href=\"https:\/\/www.aloma.de\/en\/marketing-directory\/corporate-websites-en\/\">Unternehmenswebsite<\/a><\/span>, die Facebook-Page Ihres Vereines oder Ihre Hobby-Website nach vorne. Meist braucht es kein gro\u00dfes Budget, sondern nur etwas pers\u00f6nliches Engagement, um im Web gefunden zu werden und viele Menschen zu erreichen.<\/p>\n\n\n\n<h2 class=\"wp-block-heading\">Marketing- und Agenturverzeichnis<\/h2>\n\n\n\n<p><a href=\"https:\/\/www.aloma.de\/marketing-verzeichnis\/\">Marketing-Agenturen<\/a> gibt es wie Sand am Meer. Die meisten davon sind kleine Unternehmen, die sich mit Hingabe der Belange der Mandantschaft annehmen und sowohl strategisch wie operativ f\u00fcr besseren Unternehmenserfolg einstehen. Daneben entwickeln sich immer mehr &#8220;Global Player&#8221; unter den <span class='hint'><a href=\"https:\/\/www.aloma.de\/en\/marketing-directory\/agencies\/\">Agenturen<\/a><\/span> und Unternehmensberatungen, die mit Komplettpaketen und ausgefeilten Prozessen um die Gunst von Konzernen werben.<\/p>\n\n\n\n<p>Das Agentur-Verzeichnis von Aloma stellt eine einfache, kuratierte M\u00f6glichkeit f\u00fcr <span class='hint'><a href=\"https:\/\/www.aloma.de\/en\/marketing-directory\/agencies\/\">Agenturen<\/a><\/span> und Agenturkunden dar, einen verl\u00e4sslichen Partner in der N\u00e4he zu finden oder den starken globalen Partner f\u00fcr Globalisierung und Internationalisierung. Als Agentur tragen Sie sich einfach selbst ins <a href=\"https:\/\/www.aloma.de\/en\/marketing-directory\/agencies\/\">Agentur-Verzeichnis<\/a> ein. Die Eintragsgeb\u00fchr ist mehr als erschwinglich und sch\u00fctzt Sie und unser Verzeichnis vor Spam und Ausverkauf.<\/p>\n\n\n\n<p>F\u00fcr Agenturkunden und Freelancer bietet unser Verzeichnis eine solide Grundlage, um besser von Kunden gefunden zu werden. Wir hoffen, es wird ihnen n\u00fctzlich sein.<\/p>\n\n\n\n<h2 class=\"wp-block-heading\">Die Redaktion<\/h2>\n\n\n\n<div class=\"wp-block-image\"><figure class=\"alignright is-resized\"><img loading=\"lazy\" decoding=\"async\" src=\"https:\/\/www.aloma.de\/wp-content\/uploads\/2019\/03\/9x6-5744-1024x683.jpg\" alt=\"Certified Online Marketing Consultant\" class=\"wp-image-609\" width=\"269\" height=\"179\" srcset=\"https:\/\/www.aloma.de\/wp-content\/uploads\/2019\/03\/9x6-5744-1024x683.jpg 1024w, https:\/\/www.aloma.de\/wp-content\/uploads\/2019\/03\/9x6-5744-300x200.jpg 300w, https:\/\/www.aloma.de\/wp-content\/uploads\/2019\/03\/9x6-5744-768x512.jpg 768w\" sizes=\"auto, (max-width: 269px) 100vw, 269px\" \/><figcaption><em>Tobias Sasse, Marketing-Experte und Redakteur von Aloma.de<\/em><br><\/figcaption><\/figure><\/div>\n\n\n\n<p>Verantwortlich f\u00fcr Qualit\u00e4t und Inhalte ist Dipl.-Ing. (FH) Tobias Sasse, Jahrgang 1975, eingefleischter Online Marketer, Suchmaschinen-Nerd und Software-Entwickler. Als Certified Marketing Consultant blickt er auf \u00fcber 15 Jahre Online-Marketing-Erfahrung und professioneller IT- und Webentwickler-T\u00e4tigkeit zur\u00fcck. Viele Beitr\u00e4ge auf Aloma.de stammen direkt aus seiner Feder.<\/p>\n\n\n\n<h2 class=\"wp-block-heading\">Leserbeteiligung &#8211; Gastbeitr\u00e4ge und Gastartikel<\/h2>\n\n\n\n<p>Sie m\u00f6chten als Leser oder Experte einen Gastbeitrag ver\u00f6ffentlichen? Nat\u00fcrlich sind Gastautoren herzlich eingeladen, mit Gastartikeln und Fachpublikationen inhaltlich zu den Themen auf Aloma.de mit News oder Insights der Branche beizutragen. F\u00fcr Kooperationsanfragen oder zur pers\u00f6nlichen Beratung schreiben Sie einfach eine E-Mail an: info@aloma.de<\/p>\n\n\n\n<p>Wir freuen uns \u00fcber Feedback und Kommentare und w\u00fcnschen gutes Gelingen und viel Erfolg bei all Ihren Online-Unternehmungen.<br><\/p>\n","protected":false},"excerpt":{"rendered":"<p>Aloma Online Marketing ist eine im Osten von Hamburg ans\u00e4ssige Online Marketing Firma. Wir betreiben haupts\u00e4chlich eigene Websites und Portale. Der Name Aloma Online Marketing ist ein rekursives Akronym und dr\u00fcckt aus, &#8230; <a title=\"\u00dcber Aloma Online Marketing\" class=\"read-more\" href=\"https:\/\/www.aloma.de\/en\/uber-aloma-de\/\" aria-label=\"Read more about \u00dcber Aloma Online Marketing\">weiter<\/a><\/p>\n","protected":false},"author":3,"featured_media":0,"parent":0,"menu_order":0,"comment_status":"closed","ping_status":"closed","template":"","meta":{"footnotes":""},"class_list":["post-608","page","type-page","status-publish"],"yoast_head":"<!-- This site is optimized with the Yoast SEO plugin v26.8 - https:\/\/yoast.com\/product\/yoast-seo-wordpress\/ -->\n<title>Aloma.de - die relevanten Online Marketing News direkt vom Experten<\/title>\n<meta name=\"description\" content=\"Aloma Online Marketing ist eine im Osten von Hamburg ans\u00e4ssige Online Marketing Firma. Wir betreiben haupts\u00e4chlich eigene Websites und Portale. Der Name\" \/>\n<meta name=\"robots\" content=\"index, follow, max-snippet:-1, max-image-preview:large, max-video-preview:-1\" \/>\n<link rel=\"canonical\" href=\"https:\/\/www.aloma.de\/en\/uber-aloma-de\/\" \/>\n<meta property=\"og:locale\" content=\"en_US\" \/>\n<meta property=\"og:type\" content=\"article\" \/>\n<meta property=\"og:title\" content=\"Aloma.de - die relevanten Online Marketing News direkt vom Experten\" \/>\n<meta property=\"og:description\" content=\"Aloma Online Marketing ist eine im Osten von Hamburg ans\u00e4ssige Online Marketing Firma. Wir betreiben haupts\u00e4chlich eigene Websites und Portale. Der Name\" \/>\n<meta property=\"og:url\" content=\"https:\/\/www.aloma.de\/en\/uber-aloma-de\/\" \/>\n<meta property=\"og:site_name\" content=\"Aloma.de\" \/>\n<meta property=\"article:modified_time\" content=\"2021-01-13T13:46:16+00:00\" \/>\n<meta property=\"og:image\" content=\"https:\/\/www.aloma.de\/wp-content\/uploads\/2019\/03\/9x6-5744.jpg\" \/>\n\t<meta property=\"og:image:width\" content=\"2126\" \/>\n\t<meta property=\"og:image:height\" content=\"1417\" \/>\n\t<meta property=\"og:image:type\" content=\"image\/jpeg\" \/>\n<meta name=\"twitter:card\" content=\"summary_large_image\" \/>\n<meta name=\"twitter:label1\" content=\"Est. reading time\" \/>\n\t<meta name=\"twitter:data1\" content=\"4 minutes\" \/>\n<script type=\"application\/ld+json\" class=\"yoast-schema-graph\">{\"@context\":\"https:\/\/schema.org\",\"@graph\":[{\"@type\":\"WebPage\",\"@id\":\"https:\/\/www.aloma.de\/en\/uber-aloma-de\/\",\"url\":\"https:\/\/www.aloma.de\/en\/uber-aloma-de\/\",\"name\":\"Aloma.de - die relevanten Online Marketing News direkt vom Experten\",\"isPartOf\":{\"@id\":\"https:\/\/www.aloma.de\/en\/#website\"},\"primaryImageOfPage\":{\"@id\":\"https:\/\/www.aloma.de\/en\/uber-aloma-de\/#primaryimage\"},\"image\":{\"@id\":\"https:\/\/www.aloma.de\/en\/uber-aloma-de\/#primaryimage\"},\"thumbnailUrl\":\"https:\/\/www.aloma.de\/wp-content\/uploads\/2019\/03\/9x6-5744-1024x683.jpg\",\"datePublished\":\"2019-03-22T09:35:22+00:00\",\"dateModified\":\"2021-01-13T13:46:16+00:00\",\"description\":\"Aloma Online Marketing ist eine im Osten von Hamburg ans\u00e4ssige Online Marketing Firma. Wir betreiben haupts\u00e4chlich eigene Websites und Portale. Der Name\",\"breadcrumb\":{\"@id\":\"https:\/\/www.aloma.de\/en\/uber-aloma-de\/#breadcrumb\"},\"inLanguage\":\"en-US\",\"potentialAction\":[{\"@type\":\"ReadAction\",\"target\":[\"https:\/\/www.aloma.de\/en\/uber-aloma-de\/\"]}]},{\"@type\":\"ImageObject\",\"inLanguage\":\"en-US\",\"@id\":\"https:\/\/www.aloma.de\/en\/uber-aloma-de\/#primaryimage\",\"url\":\"https:\/\/www.aloma.de\/wp-content\/uploads\/2019\/03\/9x6-5744-1024x683.jpg\",\"contentUrl\":\"https:\/\/www.aloma.de\/wp-content\/uploads\/2019\/03\/9x6-5744-1024x683.jpg\"},{\"@type\":\"BreadcrumbList\",\"@id\":\"https:\/\/www.aloma.de\/en\/uber-aloma-de\/#breadcrumb\",\"itemListElement\":[{\"@type\":\"ListItem\",\"position\":1,\"name\":\"Aloma.de\",\"item\":\"https:\/\/www.aloma.de\/en\/\"},{\"@type\":\"ListItem\",\"position\":2,\"name\":\"\u00dcber Aloma Online Marketing\"}]},{\"@type\":\"WebSite\",\"@id\":\"https:\/\/www.aloma.de\/en\/#website\",\"url\":\"https:\/\/www.aloma.de\/en\/\",\"name\":\"Aloma.de\",\"description\":\"Online-Marketing: Wissen, Trends &amp; Agenturen\",\"publisher\":{\"@id\":\"https:\/\/www.aloma.de\/en\/#organization\"},\"potentialAction\":[{\"@type\":\"SearchAction\",\"target\":{\"@type\":\"EntryPoint\",\"urlTemplate\":\"https:\/\/www.aloma.de\/en\/?s={search_term_string}\"},\"query-input\":{\"@type\":\"PropertyValueSpecification\",\"valueRequired\":true,\"valueName\":\"search_term_string\"}}],\"inLanguage\":\"en-US\"},{\"@type\":\"Organization\",\"@id\":\"https:\/\/www.aloma.de\/en\/#organization\",\"name\":\"Aloma Marketing\",\"url\":\"https:\/\/www.aloma.de\/en\/\",\"logo\":{\"@type\":\"ImageObject\",\"inLanguage\":\"en-US\",\"@id\":\"https:\/\/www.aloma.de\/en\/#\/schema\/logo\/image\/\",\"url\":\"https:\/\/www.aloma.de\/wp-content\/uploads\/2018\/07\/logo-300x84-white.png\",\"contentUrl\":\"https:\/\/www.aloma.de\/wp-content\/uploads\/2018\/07\/logo-300x84-white.png\",\"width\":300,\"height\":84,\"caption\":\"Aloma Marketing\"},\"image\":{\"@id\":\"https:\/\/www.aloma.de\/en\/#\/schema\/logo\/image\/\"}}]}<\/script>\n<!-- \/ Yoast SEO plugin. -->","yoast_head_json":{"title":"Aloma.de - die relevanten Online Marketing News direkt vom Experten","description":"Aloma Online Marketing ist eine im Osten von Hamburg ans\u00e4ssige Online Marketing Firma. Wir betreiben haupts\u00e4chlich eigene Websites und Portale. Der Name","robots":{"index":"index","follow":"follow","max-snippet":"max-snippet:-1","max-image-preview":"max-image-preview:large","max-video-preview":"max-video-preview:-1"},"canonical":"https:\/\/www.aloma.de\/en\/uber-aloma-de\/","og_locale":"en_US","og_type":"article","og_title":"Aloma.de - die relevanten Online Marketing News direkt vom Experten","og_description":"Aloma Online Marketing ist eine im Osten von Hamburg ans\u00e4ssige Online Marketing Firma. Wir betreiben haupts\u00e4chlich eigene Websites und Portale. Der Name","og_url":"https:\/\/www.aloma.de\/en\/uber-aloma-de\/","og_site_name":"Aloma.de","article_modified_time":"2021-01-13T13:46:16+00:00","og_image":[{"width":2126,"height":1417,"url":"https:\/\/www.aloma.de\/wp-content\/uploads\/2019\/03\/9x6-5744.jpg","type":"image\/jpeg"}],"twitter_card":"summary_large_image","twitter_misc":{"Est. reading time":"4 minutes"},"schema":{"@context":"https:\/\/schema.org","@graph":[{"@type":"WebPage","@id":"https:\/\/www.aloma.de\/en\/uber-aloma-de\/","url":"https:\/\/www.aloma.de\/en\/uber-aloma-de\/","name":"Aloma.de - die relevanten Online Marketing News direkt vom Experten","isPartOf":{"@id":"https:\/\/www.aloma.de\/en\/#website"},"primaryImageOfPage":{"@id":"https:\/\/www.aloma.de\/en\/uber-aloma-de\/#primaryimage"},"image":{"@id":"https:\/\/www.aloma.de\/en\/uber-aloma-de\/#primaryimage"},"thumbnailUrl":"https:\/\/www.aloma.de\/wp-content\/uploads\/2019\/03\/9x6-5744-1024x683.jpg","datePublished":"2019-03-22T09:35:22+00:00","dateModified":"2021-01-13T13:46:16+00:00","description":"Aloma Online Marketing ist eine im Osten von Hamburg ans\u00e4ssige Online Marketing Firma. Wir betreiben haupts\u00e4chlich eigene Websites und Portale. Der Name","breadcrumb":{"@id":"https:\/\/www.aloma.de\/en\/uber-aloma-de\/#breadcrumb"},"inLanguage":"en-US","potentialAction":[{"@type":"ReadAction","target":["https:\/\/www.aloma.de\/en\/uber-aloma-de\/"]}]},{"@type":"ImageObject","inLanguage":"en-US","@id":"https:\/\/www.aloma.de\/en\/uber-aloma-de\/#primaryimage","url":"https:\/\/www.aloma.de\/wp-content\/uploads\/2019\/03\/9x6-5744-1024x683.jpg","contentUrl":"https:\/\/www.aloma.de\/wp-content\/uploads\/2019\/03\/9x6-5744-1024x683.jpg"},{"@type":"BreadcrumbList","@id":"https:\/\/www.aloma.de\/en\/uber-aloma-de\/#breadcrumb","itemListElement":[{"@type":"ListItem","position":1,"name":"Aloma.de","item":"https:\/\/www.aloma.de\/en\/"},{"@type":"ListItem","position":2,"name":"\u00dcber Aloma Online Marketing"}]},{"@type":"WebSite","@id":"https:\/\/www.aloma.de\/en\/#website","url":"https:\/\/www.aloma.de\/en\/","name":"Aloma.de","description":"Online-Marketing: Wissen, Trends &amp; Agenturen","publisher":{"@id":"https:\/\/www.aloma.de\/en\/#organization"},"potentialAction":[{"@type":"SearchAction","target":{"@type":"EntryPoint","urlTemplate":"https:\/\/www.aloma.de\/en\/?s={search_term_string}"},"query-input":{"@type":"PropertyValueSpecification","valueRequired":true,"valueName":"search_term_string"}}],"inLanguage":"en-US"},{"@type":"Organization","@id":"https:\/\/www.aloma.de\/en\/#organization","name":"Aloma Marketing","url":"https:\/\/www.aloma.de\/en\/","logo":{"@type":"ImageObject","inLanguage":"en-US","@id":"https:\/\/www.aloma.de\/en\/#\/schema\/logo\/image\/","url":"https:\/\/www.aloma.de\/wp-content\/uploads\/2018\/07\/logo-300x84-white.png","contentUrl":"https:\/\/www.aloma.de\/wp-content\/uploads\/2018\/07\/logo-300x84-white.png","width":300,"height":84,"caption":"Aloma Marketing"},"image":{"@id":"https:\/\/www.aloma.de\/en\/#\/schema\/logo\/image\/"}}]}},"_links":{"self":[{"href":"https:\/\/www.aloma.de\/en\/wp-json\/wp\/v2\/pages\/608","targetHints":{"allow":["GET"]}}],"collection":[{"href":"https:\/\/www.aloma.de\/en\/wp-json\/wp\/v2\/pages"}],"about":[{"href":"https:\/\/www.aloma.de\/en\/wp-json\/wp\/v2\/types\/page"}],"author":[{"embeddable":true,"href":"https:\/\/www.aloma.de\/en\/wp-json\/wp\/v2\/users\/3"}],"replies":[{"embeddable":true,"href":"https:\/\/www.aloma.de\/en\/wp-json\/wp\/v2\/comments?post=608"}],"version-history":[{"count":1,"href":"https:\/\/www.aloma.de\/en\/wp-json\/wp\/v2\/pages\/608\/revisions"}],"predecessor-version":[{"id":10982,"href":"https:\/\/www.aloma.de\/en\/wp-json\/wp\/v2\/pages\/608\/revisions\/10982"}],"wp:attachment":[{"href":"https:\/\/www.aloma.de\/en\/wp-json\/wp\/v2\/media?parent=608"}],"curies":[{"name":"wp","href":"https:\/\/api.w.org\/{rel}","templated":true}]}}