{"id":3544,"date":"2021-01-12T19:06:34","date_gmt":"2021-01-12T18:06:34","guid":{"rendered":"https:\/\/www.aloma.de\/?page_id=3544"},"modified":"2022-12-19T12:53:20","modified_gmt":"2022-12-19T11:53:20","slug":"webkataloge","status":"publish","type":"page","link":"https:\/\/www.aloma.de\/en\/webkataloge\/","title":{"rendered":"Webkataloge"},"content":{"rendered":"\n<figure class=\"wp-block-image size-large\"><img loading=\"lazy\" decoding=\"async\" width=\"1024\" height=\"158\" src=\"https:\/\/www.aloma.de\/wp-content\/uploads\/2021\/01\/header-1024x158.png\" alt=\"5 Top Webkataloge\" class=\"wp-image-3552\" srcset=\"https:\/\/www.aloma.de\/wp-content\/uploads\/2021\/01\/header-1024x158.png 1024w, https:\/\/www.aloma.de\/wp-content\/uploads\/2021\/01\/header-300x46.png 300w, https:\/\/www.aloma.de\/wp-content\/uploads\/2021\/01\/header-768x118.png 768w, https:\/\/www.aloma.de\/wp-content\/uploads\/2021\/01\/header.png 1040w\" sizes=\"auto, (max-width: 1024px) 100vw, 1024px\" \/><\/figure>\n\n\n<div class=\"wp-block-image hide-on-mobile\">\n<figure class=\"alignright size-large\"><img loading=\"lazy\" decoding=\"async\" width=\"120\" height=\"122\" src=\"https:\/\/www.aloma.de\/wp-content\/uploads\/2021\/01\/badge2-cropped-120.png\" alt=\"\" class=\"wp-image-3556\"\/><\/figure>\n<\/div>\n\n\n<h3 class=\"wp-block-heading\">Mehr Besucher<span class=\"hide-on-mobile\"> f\u00fcr Webseiten, Blogs, Onlineshops<\/span><\/h3>\n\n\n\n<p>Webseiten in Webkataloge eintragen ist eine <strong>einfache und doch sehr wichtige Ma\u00dfnahme<\/strong>, um mehr Besucher auf die Webseite zu bringen. <span class=\"hide-on-mobile\">Webkataloge dienen als Inhaltsverzeichnis des Internet, lang bevor Google, Bing, Yahoo und andere Suchmaschinen entstanden. <\/span>Auch Suchmaschinen nutzen Links, um empfehlenswerte Websites zu erkennen.<\/p>\n\n\n\n<h3 class=\"hide-on-mobile wp-block-heading\">Starke Webkataloge &#8230;viel hilft viel!<\/h3>\n\n\n\n<p class=\"hide-on-mobile\">Je mehr Links auf eine Website zeigen, umso wichtiger ist sie. Webseiten verlinken ist darum absolut unverzichtbar. Auch Websites, Blogs und Onlineshops brauchen von Zeit zu Zeit neue Backlinks. Statt nur intern oder nur zwischen den eigenen Seiten Links zu setzen, brauchen gerade gut laufende Websites regelm\u00e4\u00dfig frisches Blut.<\/p>\n\n\n\n<p><span class=\"hide-on-mobile\">Stark verlinkte Webkataloge helfen beim Ranking und bringen mehr Besucher und mehr Traffic auf Ihre Webseite. <\/span>Wir stellen Ihnen hier ausschlie\u00dflich <strong>Webkataloge ohne Backlinkpflicht<\/strong> vor.<\/p>\n\n\n\n<h2 class=\"wp-block-heading\">Allgemeine Webkataloge<span class=\"hide-on-mobile\">: alle Branchen eintragen<\/span><\/h2>\n\n\n\n<figure class=\"wp-block-table is-style-stripes\"><table><tbody><tr><td class=\"has-text-align-left\" data-align=\"left\"><strong>Webkatalog<\/strong><\/td><td><strong>Online seit<\/strong><\/td><td><strong>Backlinks<\/strong>*<\/td><td><strong>Gratis-<\/strong><br><strong>Eintrag<\/strong><\/td><td><strong>Premium-<\/strong><br><strong>Eintrag<\/strong><\/td><td><\/td><td><strong>SEO-Effekt<\/strong><\/td><\/tr><tr><td class=\"has-text-align-left\" data-align=\"left\"><strong><a href=\"https:\/\/www.beammachine.de\" target=\"_blank\" rel=\"noreferrer noopener nofollow\">BeamMachine.de<\/a><\/strong><br>Premium SEO-Katalog<\/td><td>2004<\/td><td><a href=\"https:\/\/www.beammachine.de\/\" target=\"_blank\" rel=\"noreferrer noopener nofollow\"><u>8.000.000<\/u><\/a> (!)<\/td><td><\/td><td><strong>\u2714 ca. 100 \u20ac<\/strong> p. a.<\/td><td><\/td><td><a href=\"https:\/\/www.beammachine.de\" target=\"_blank\" rel=\"noreferrer noopener nofollow\" style=\"text-decoration:none;\">\u2b50\u2b50\u2b50\u2b50\u2b50<\/a><\/td><\/tr><tr><td class=\"has-text-align-left\" data-align=\"left\"><strong><a href=\"https:\/\/www.klick-it.de\" target=\"_blank\" rel=\"noreferrer noopener nofollow\">Klick-It.de<\/a><\/strong><br>Webkatalog mit lokalem<br>Firmenverzeichnis<\/td><td>2004<\/td><td>637.000<\/td><td><strong>\u2714 <\/strong><a href=\"https:\/\/www.klick-it.de\/\" target=\"_blank\" rel=\"noreferrer noopener nofollow\"><u>kostenlos<\/u><\/a><\/td><td><strong>\u2714 ca. 20 \u20ac<\/strong> p. a.<\/td><td><\/td><td><a href=\"https:\/\/www.klick-it.de\" target=\"_blank\" rel=\"noreferrer noopener nofollow\" style=\"text-decoration:none;\">\u2b50\u2b50\u2b50\u2b50<\/a><\/td><\/tr><\/tbody><\/table><\/figure>\n\n\n\n<h2 class=\"wp-block-heading\">Spezielle Branchen-Webkataloge<\/h2>\n\n\n\n<figure class=\"wp-block-table is-style-stripes\"><table><tbody><tr><td class=\"has-text-align-left\" data-align=\"left\"><strong>Webkatalog<\/strong><\/td><td><strong>Online seit<\/strong><\/td><td><strong>Backlinks<\/strong>*<\/td><td><strong>Gratis-<\/strong><br><strong>Eintrag<\/strong><\/td><td><strong>Premium-<\/strong><br><strong>Eintrag<\/strong><\/td><td><\/td><td><strong>SEO-Effekt<\/strong><\/td><\/tr><tr><td class=\"has-text-align-left\" data-align=\"left\"><strong><a href=\"https:\/\/www.aloma.de\/marketing-verzeichnis\/\" target=\"_blank\" rel=\"noreferrer noopener\">Aloma.de<\/a><\/strong><br>Kostenloser Eintrag<br>f\u00fcr <span class='hint'><a href=\"https:\/\/www.aloma.de\/en\/marketing-directory\/germany\/\">Marketing-Agenturen<\/a><\/span><\/td><td>2014<\/td><td>169.000<\/td><td><strong>\u2714 <\/strong>kostenlos<\/td><td><\/td><td><\/td><td><a href=\"https:\/\/www.aloma.de\/marketing-verzeichnis\/\" target=\"_blank\" rel=\"noreferrer noopener\" style=\"text-decoration:none;\">\u2b50\u2b50\u2b50\u2b50<\/a><\/td><\/tr><tr><td class=\"has-text-align-left\" data-align=\"left\"><strong><a href=\"https:\/\/www.makler-register.de\" target=\"_blank\" rel=\"noreferrer noopener nofollow\">Makler-Register.de<\/a><\/strong><br>Eintrag f\u00fcr Immobilienmakler,<br>Versicherungsmakler usw.<\/td><td>2015<\/td><td>14.000<\/td><td><\/td><td><strong>\u2714 ca. 25 \u20ac<\/strong> p. a.<\/td><td><\/td><td><a href=\"https:\/\/www.makler-register.de\" target=\"_blank\" rel=\"noreferrer noopener nofollow\" style=\"text-decoration:none;\">\u2b50\u2b50\u2b50<\/a><\/td><\/tr><tr><td class=\"has-text-align-left\" data-align=\"left\"><strong><a href=\"https:\/\/www.immobilien-helfer.de\" target=\"_blank\" rel=\"noreferrer noopener nofollow\">Immobilien-Helfer.de<\/a><\/strong><br>Ausgereiftes Firmenverzeichnis<br>f\u00fcr Dienstleister<br>und Handwerker.<\/td><td>2020<\/td><td>3000<\/td><td><strong>\u2714 <\/strong>kostenlos<\/td><td><strong>\u2714 ca. 100 \u20ac<\/strong> p.a.<\/td><td><\/td><td><a href=\"https:\/\/www.immobilien-helfer.de\/\" target=\"_blank\" rel=\"noreferrer noopener nofollow\" style=\"text-decoration:none;\">\u2b50\u2b50<\/a><\/td><\/tr><tr><td class=\"has-text-align-left\" data-align=\"left\"><a href=\"https:\/\/GesundeListe.de\" target=\"_blank\" rel=\"noreferrer noopener nofollow\"><strong>GesundeListe.de<\/strong><\/a><br>Neues Gesundheitsportal mit Magazin<br>f\u00fcr Experten, Anbieter und Links der<br>Gesundheitsbranche.<\/td><td>2022<\/td><td>71<\/td><td><strong>\u2714 <\/strong>kostenlos<\/td><td><strong>\u2714 ab 4 \u20ac<\/strong> mtl.<\/td><td><\/td><td><a href=\"https:\/\/www.immobilien-helfer.de\/\" target=\"_blank\" rel=\"noreferrer noopener nofollow\" style=\"text-decoration:none;\">\u2b50\u2b50<\/a><\/td><\/tr><\/tbody><\/table><figcaption class=\"wp-element-caption\">* Backlinks sind ein wichtiges SEO-Signal. Webkataloge mit vielen Backlinks k\u00f6nnen mehr Eintr\u00e4ge an Suchmaschinen vermitteln und besitzen mehr &#8220;Linkjuice&#8221;. Die oben angegebenen Kennzahlen wurden professionell gemessen mit Tools des SEO-Anbieters LinkResearchTools (Stand 09\/2022)<\/figcaption><\/figure>\n\n\n\n<h2 class=\"wp-block-heading\">Tipps zum Eintrag in Webkataloge<\/h2>\n\n\n\n<h3 class=\"wp-block-heading\">1. Gute Webkataloge erkennen<\/h3>\n\n\n\n<p><strong>Tragen Sie sich nur in professionelle Webkataloge ein.<\/strong> Ein Impressum und der obligatorische Datenschutzhinweis sind das Mindeste, das ein Webkatalog vorweisen muss. Noch wichtiger ist jedoch eine moderne und technisch einwandfreie Oberfl\u00e4che &#8230; denn moderne Suchmaschinen achten auf solche Details.<\/p>\n\n\n\n<p><strong>Sorgfalt bei der Webkatalog-Auswahl sch\u00fctzt Ihre Investition.<\/strong> Lesen Sie darum auch das Kleingedruckte jedes Webkatalogs und schauen in dessen Kategorien, ob dort gepflegte und aktive Links hinterlegt sind. Die Redaktion des Webkatalogs sollte Richtlinien aufstellen und die Einhaltung streng kontrollieren, um Nutzern und Inserenten eine gute Qualit\u00e4t zu bieten.<\/p>\n\n\n\n<p><strong>Von Webkatalogen voller Spam l\u00e4sst jeder SEO die Finger.<\/strong> Denn Sie m\u00f6chten in einem positiven Umfeld gefunden werden und keine Abstrafung von Suchmaschinen, Partnern oder Kunden erleben. Vergessen Sie nie, dass nachhaltiges Linkbuilding und Reichweitensteigerung niemals mit der Brechstange gelingt, sondern mit Samthandschuhen.<\/p>\n\n\n\n<h3 class=\"wp-block-heading\">2. Erfolgreich in Webkataloge eintragen<\/h3>\n\n\n\n<p><strong>Bereiten Sie ein Logo und einige Textbausteine vor<\/strong>, die Ihre Website und Ihre Firma gut beschreiben. Das erleichtert den Eintrag in viele, kleine, kostenlose Webkataloge, denn sie k\u00f6nnen dann vieles einfach kopieren. Aber&#8230;<\/p>\n\n\n\n<p><strong>Ver\u00f6ffentlichen Sie in jedem Webkatalog einen anderen Text.<\/strong> Sie d\u00fcrfen sich nat\u00fcrlich teilweise wiederholen. Nur f\u00fcr Suchmaschinen sollte der Text so einzigartig wie m\u00f6glich wirken. Denn wenn es wie automatische Webkatalog-Eintragung aussieht, werden die Links nicht viel bringen.<\/p>\n\n\n\n<h3 class=\"wp-block-heading\">3. Links aufbauen: stetig und kontrolliert = nachhaltig!<\/h3>\n\n\n\n<p><strong>Linkaufbau mit Webkatalogen<\/strong> ist nur eine Ma\u00dfnahme. Sie sollten beim Linkaufbau darauf achten, einen guten Mix aus verschiedenartigen Quellen aufzubauen. Neben starken Webkatalogen geh\u00f6ren dazu auch Links von unterschiedlichen Websites, zum Beispiel Links aus Blogs, Links aus Onlineshops, Links aus Social Media Profilen und Links aus Foren.<\/p>\n\n\n\n<p><strong>Bauen Sie regelm\u00e4\u00dfig neue Links auf.<\/strong> Webkataloge sind eine einfache und gute SEO-Ma\u00dfnahme, wenn sie f\u00fcr die Nutzer gemacht und redaktionell betreut sind. Viele Webkataloge bieten sogar die Wahl zwischen nofollow und do-follow Links. Das ist gut, denn beide Linkarten geh\u00f6ren in ein optimales Linkprofil. <span class='hint'><a href=\"https:\/\/www.aloma.de\/en\/marketing-directory\/seo-search-engine-optimization\/\">SEO-Experten<\/a><\/span> sprechen von einem &#8220;organischen&#8221; Linkmix, wenn die Verlinkung eine gleichm\u00e4\u00dfige Verteilung von Texten, Linkarten und Linkquellen hat.<\/p>\n\n\n\n<p>Ein nachhaltiges Linkprofil w\u00e4chst allm\u00e4hlich und regelm\u00e4\u00dfig. Es entsteht niemals \u00fcber Nacht oder sprunghaft. Erfolgreiche Webmaster befassen sich darum mindestens einmal pro Woche mit der Optimierung und Beschaffung vorhandener und neuer Linkquellen. Die hier genannten Webkataloge sind daf\u00fcr ein guter Anfang.<\/p>\n","protected":false},"excerpt":{"rendered":"<p>Mehr Besucher f\u00fcr Webseiten, Blogs, Onlineshops Webseiten in Webkataloge eintragen ist eine einfache und doch sehr wichtige Ma\u00dfnahme, um mehr Besucher auf die Webseite zu bringen. Webkataloge dienen als Inhaltsverzeichnis des Internet, &#8230; <a title=\"Webkataloge\" class=\"read-more\" href=\"https:\/\/www.aloma.de\/en\/webkataloge\/\" aria-label=\"Read more about Webkataloge\">weiter<\/a><\/p>\n","protected":false},"author":3,"featured_media":0,"parent":0,"menu_order":0,"comment_status":"closed","ping_status":"closed","template":"","meta":{"footnotes":""},"class_list":["post-3544","page","type-page","status-publish"],"yoast_head":"<!-- This site is optimized with the Yoast SEO plugin v26.8 - https:\/\/yoast.com\/product\/yoast-seo-wordpress\/ -->\n<title>Webkatalog-Liste \ud83d\udcc3 Webseite in Webkataloge kostenlos eintragen<\/title>\n<meta name=\"description\" content=\"Webkatalog Liste: Premium Webkataloge \u2714\ufe0f kostenlos eintragen \u2714\ufe0f starke Backlinks \u2714\ufe0f alle Branchen. Jetzt mit Webkatalog-Vergleich!\" \/>\n<meta name=\"robots\" content=\"index, follow, max-snippet:-1, max-image-preview:large, max-video-preview:-1\" \/>\n<link rel=\"canonical\" href=\"https:\/\/www.aloma.de\/en\/webkataloge\/\" \/>\n<meta property=\"og:locale\" content=\"en_US\" \/>\n<meta property=\"og:type\" content=\"article\" \/>\n<meta property=\"og:title\" content=\"Webkatalog-Liste \ud83d\udcc3 Webseite in Webkataloge kostenlos eintragen\" \/>\n<meta property=\"og:description\" content=\"Webkatalog Liste: Premium Webkataloge \u2714\ufe0f kostenlos eintragen \u2714\ufe0f starke Backlinks \u2714\ufe0f alle Branchen. Jetzt mit Webkatalog-Vergleich!\" \/>\n<meta property=\"og:url\" content=\"https:\/\/www.aloma.de\/en\/webkataloge\/\" \/>\n<meta property=\"og:site_name\" content=\"Aloma.de\" \/>\n<meta property=\"article:modified_time\" content=\"2022-12-19T11:53:20+00:00\" \/>\n<meta property=\"og:image\" content=\"https:\/\/www.aloma.de\/wp-content\/uploads\/2021\/01\/header-1024x158.png\" \/>\n<meta name=\"twitter:card\" content=\"summary_large_image\" \/>\n<meta name=\"twitter:label1\" content=\"Est. reading time\" \/>\n\t<meta name=\"twitter:data1\" content=\"4 minutes\" \/>\n<script type=\"application\/ld+json\" class=\"yoast-schema-graph\">{\"@context\":\"https:\/\/schema.org\",\"@graph\":[{\"@type\":\"WebPage\",\"@id\":\"https:\/\/www.aloma.de\/en\/webkataloge\/\",\"url\":\"https:\/\/www.aloma.de\/en\/webkataloge\/\",\"name\":\"Webkatalog-Liste \ud83d\udcc3 Webseite in Webkataloge kostenlos eintragen\",\"isPartOf\":{\"@id\":\"https:\/\/www.aloma.de\/en\/#website\"},\"primaryImageOfPage\":{\"@id\":\"https:\/\/www.aloma.de\/en\/webkataloge\/#primaryimage\"},\"image\":{\"@id\":\"https:\/\/www.aloma.de\/en\/webkataloge\/#primaryimage\"},\"thumbnailUrl\":\"https:\/\/www.aloma.de\/wp-content\/uploads\/2021\/01\/header-1024x158.png\",\"datePublished\":\"2021-01-12T18:06:34+00:00\",\"dateModified\":\"2022-12-19T11:53:20+00:00\",\"description\":\"Webkatalog Liste: Premium Webkataloge \u2714\ufe0f kostenlos eintragen \u2714\ufe0f starke Backlinks \u2714\ufe0f alle Branchen. Jetzt mit Webkatalog-Vergleich!\",\"breadcrumb\":{\"@id\":\"https:\/\/www.aloma.de\/en\/webkataloge\/#breadcrumb\"},\"inLanguage\":\"en-US\",\"potentialAction\":[{\"@type\":\"ReadAction\",\"target\":[\"https:\/\/www.aloma.de\/en\/webkataloge\/\"]}]},{\"@type\":\"ImageObject\",\"inLanguage\":\"en-US\",\"@id\":\"https:\/\/www.aloma.de\/en\/webkataloge\/#primaryimage\",\"url\":\"https:\/\/www.aloma.de\/wp-content\/uploads\/2021\/01\/header-1024x158.png\",\"contentUrl\":\"https:\/\/www.aloma.de\/wp-content\/uploads\/2021\/01\/header-1024x158.png\"},{\"@type\":\"BreadcrumbList\",\"@id\":\"https:\/\/www.aloma.de\/en\/webkataloge\/#breadcrumb\",\"itemListElement\":[{\"@type\":\"ListItem\",\"position\":1,\"name\":\"Aloma.de\",\"item\":\"https:\/\/www.aloma.de\/en\/\"},{\"@type\":\"ListItem\",\"position\":2,\"name\":\"Webkataloge\"}]},{\"@type\":\"WebSite\",\"@id\":\"https:\/\/www.aloma.de\/en\/#website\",\"url\":\"https:\/\/www.aloma.de\/en\/\",\"name\":\"Aloma.de\",\"description\":\"Online-Marketing: Wissen, Trends &amp; Agenturen\",\"publisher\":{\"@id\":\"https:\/\/www.aloma.de\/en\/#organization\"},\"potentialAction\":[{\"@type\":\"SearchAction\",\"target\":{\"@type\":\"EntryPoint\",\"urlTemplate\":\"https:\/\/www.aloma.de\/en\/?s={search_term_string}\"},\"query-input\":{\"@type\":\"PropertyValueSpecification\",\"valueRequired\":true,\"valueName\":\"search_term_string\"}}],\"inLanguage\":\"en-US\"},{\"@type\":\"Organization\",\"@id\":\"https:\/\/www.aloma.de\/en\/#organization\",\"name\":\"Aloma Marketing\",\"url\":\"https:\/\/www.aloma.de\/en\/\",\"logo\":{\"@type\":\"ImageObject\",\"inLanguage\":\"en-US\",\"@id\":\"https:\/\/www.aloma.de\/en\/#\/schema\/logo\/image\/\",\"url\":\"https:\/\/www.aloma.de\/wp-content\/uploads\/2018\/07\/logo-300x84-white.png\",\"contentUrl\":\"https:\/\/www.aloma.de\/wp-content\/uploads\/2018\/07\/logo-300x84-white.png\",\"width\":300,\"height\":84,\"caption\":\"Aloma Marketing\"},\"image\":{\"@id\":\"https:\/\/www.aloma.de\/en\/#\/schema\/logo\/image\/\"}}]}<\/script>\n<!-- \/ Yoast SEO plugin. -->","yoast_head_json":{"title":"Webkatalog-Liste \ud83d\udcc3 Webseite in Webkataloge kostenlos eintragen","description":"Webkatalog Liste: Premium Webkataloge \u2714\ufe0f kostenlos eintragen \u2714\ufe0f starke Backlinks \u2714\ufe0f alle Branchen. Jetzt mit Webkatalog-Vergleich!","robots":{"index":"index","follow":"follow","max-snippet":"max-snippet:-1","max-image-preview":"max-image-preview:large","max-video-preview":"max-video-preview:-1"},"canonical":"https:\/\/www.aloma.de\/en\/webkataloge\/","og_locale":"en_US","og_type":"article","og_title":"Webkatalog-Liste \ud83d\udcc3 Webseite in Webkataloge kostenlos eintragen","og_description":"Webkatalog Liste: Premium Webkataloge \u2714\ufe0f kostenlos eintragen \u2714\ufe0f starke Backlinks \u2714\ufe0f alle Branchen. Jetzt mit Webkatalog-Vergleich!","og_url":"https:\/\/www.aloma.de\/en\/webkataloge\/","og_site_name":"Aloma.de","article_modified_time":"2022-12-19T11:53:20+00:00","og_image":[{"url":"https:\/\/www.aloma.de\/wp-content\/uploads\/2021\/01\/header-1024x158.png","type":"","width":"","height":""}],"twitter_card":"summary_large_image","twitter_misc":{"Est. reading time":"4 minutes"},"schema":{"@context":"https:\/\/schema.org","@graph":[{"@type":"WebPage","@id":"https:\/\/www.aloma.de\/en\/webkataloge\/","url":"https:\/\/www.aloma.de\/en\/webkataloge\/","name":"Webkatalog-Liste \ud83d\udcc3 Webseite in Webkataloge kostenlos eintragen","isPartOf":{"@id":"https:\/\/www.aloma.de\/en\/#website"},"primaryImageOfPage":{"@id":"https:\/\/www.aloma.de\/en\/webkataloge\/#primaryimage"},"image":{"@id":"https:\/\/www.aloma.de\/en\/webkataloge\/#primaryimage"},"thumbnailUrl":"https:\/\/www.aloma.de\/wp-content\/uploads\/2021\/01\/header-1024x158.png","datePublished":"2021-01-12T18:06:34+00:00","dateModified":"2022-12-19T11:53:20+00:00","description":"Webkatalog Liste: Premium Webkataloge \u2714\ufe0f kostenlos eintragen \u2714\ufe0f starke Backlinks \u2714\ufe0f alle Branchen. Jetzt mit Webkatalog-Vergleich!","breadcrumb":{"@id":"https:\/\/www.aloma.de\/en\/webkataloge\/#breadcrumb"},"inLanguage":"en-US","potentialAction":[{"@type":"ReadAction","target":["https:\/\/www.aloma.de\/en\/webkataloge\/"]}]},{"@type":"ImageObject","inLanguage":"en-US","@id":"https:\/\/www.aloma.de\/en\/webkataloge\/#primaryimage","url":"https:\/\/www.aloma.de\/wp-content\/uploads\/2021\/01\/header-1024x158.png","contentUrl":"https:\/\/www.aloma.de\/wp-content\/uploads\/2021\/01\/header-1024x158.png"},{"@type":"BreadcrumbList","@id":"https:\/\/www.aloma.de\/en\/webkataloge\/#breadcrumb","itemListElement":[{"@type":"ListItem","position":1,"name":"Aloma.de","item":"https:\/\/www.aloma.de\/en\/"},{"@type":"ListItem","position":2,"name":"Webkataloge"}]},{"@type":"WebSite","@id":"https:\/\/www.aloma.de\/en\/#website","url":"https:\/\/www.aloma.de\/en\/","name":"Aloma.de","description":"Online-Marketing: Wissen, Trends &amp; Agenturen","publisher":{"@id":"https:\/\/www.aloma.de\/en\/#organization"},"potentialAction":[{"@type":"SearchAction","target":{"@type":"EntryPoint","urlTemplate":"https:\/\/www.aloma.de\/en\/?s={search_term_string}"},"query-input":{"@type":"PropertyValueSpecification","valueRequired":true,"valueName":"search_term_string"}}],"inLanguage":"en-US"},{"@type":"Organization","@id":"https:\/\/www.aloma.de\/en\/#organization","name":"Aloma Marketing","url":"https:\/\/www.aloma.de\/en\/","logo":{"@type":"ImageObject","inLanguage":"en-US","@id":"https:\/\/www.aloma.de\/en\/#\/schema\/logo\/image\/","url":"https:\/\/www.aloma.de\/wp-content\/uploads\/2018\/07\/logo-300x84-white.png","contentUrl":"https:\/\/www.aloma.de\/wp-content\/uploads\/2018\/07\/logo-300x84-white.png","width":300,"height":84,"caption":"Aloma Marketing"},"image":{"@id":"https:\/\/www.aloma.de\/en\/#\/schema\/logo\/image\/"}}]}},"_links":{"self":[{"href":"https:\/\/www.aloma.de\/en\/wp-json\/wp\/v2\/pages\/3544","targetHints":{"allow":["GET"]}}],"collection":[{"href":"https:\/\/www.aloma.de\/en\/wp-json\/wp\/v2\/pages"}],"about":[{"href":"https:\/\/www.aloma.de\/en\/wp-json\/wp\/v2\/types\/page"}],"author":[{"embeddable":true,"href":"https:\/\/www.aloma.de\/en\/wp-json\/wp\/v2\/users\/3"}],"replies":[{"embeddable":true,"href":"https:\/\/www.aloma.de\/en\/wp-json\/wp\/v2\/comments?post=3544"}],"version-history":[{"count":1,"href":"https:\/\/www.aloma.de\/en\/wp-json\/wp\/v2\/pages\/3544\/revisions"}],"predecessor-version":[{"id":6170,"href":"https:\/\/www.aloma.de\/en\/wp-json\/wp\/v2\/pages\/3544\/revisions\/6170"}],"wp:attachment":[{"href":"https:\/\/www.aloma.de\/en\/wp-json\/wp\/v2\/media?parent=3544"}],"curies":[{"name":"wp","href":"https:\/\/api.w.org\/{rel}","templated":true}]}}